{"id":978,"date":"2022-11-28T15:35:24","date_gmt":"2022-11-28T18:35:24","guid":{"rendered":"https:\/\/projetoentenda.com.br\/site\/?post_type=product&#038;p=978"},"modified":"2023-05-08T14:04:53","modified_gmt":"2023-05-08T17:04:53","slug":"modelagem-de-conteudos","status":"publish","type":"product","link":"https:\/\/projetoentenda.com.br\/site\/produto\/modelagem-de-conteudos\/","title":{"rendered":"Modelagem de conte\u00fados"},"content":{"rendered":"<p>Destinado a professores e a coordenadores do Ensino Fundamental 2 e do Ensino M\u00e9dio, esse curso apresenta os fundamentos te\u00f3ricos que distinguem os tipos de conte\u00fados escolares em conceituais, procedimentais e atitudinais.<\/p>\n<p>A abordagem inclui aspectos sobre como cada um deles \u00e9 aprendido e que estrat\u00e9gias tornam mais eficaz a aprendizagem de cada um deles, exemplificando com diversos casos reais pertinentes sobretudo \u00e0 Biologia, \u00e0 F\u00edsica e \u00e0 Qu\u00edmica, fazendo tamb\u00e9m men\u00e7\u00e3o a outras componentes curriculares.<\/p>\n","protected":false},"excerpt":{"rendered":"<p dir=\"ltr\"><b>AS MATR\u00cdCULAS DESTE CURSO EST\u00c3O ENCERRADAS.<\/b><\/p>\n<p dir=\"ltr\"><b>Elas ser\u00e3o reabertas quando esse curso for novamente oferecido.<\/b><\/p>\n<p dir=\"ltr\"><b>Para ser AVISADO quando as matr\u00edculas reabrirem, <a href=\"https:\/\/projetoentenda.com.br\/site\/avise-me\/\" target=\"_blank\" rel=\"noopener\">clique aqui<\/a> e cadastre-se.<\/b><\/p>\n","protected":false},"featured_media":1380,"template":"","meta":[],"product_cat":[29],"product_tag":[],"yoast_head":"<!-- This site is optimized with the Yoast SEO plugin v20.5 - https:\/\/yoast.com\/wordpress\/plugins\/seo\/ -->\n<title>Modelagem de conte\u00fados &bull; Projeto Entenda<\/title>\n<meta name=\"robots\" content=\"index, follow, max-snippet:-1, max-image-preview:large, max-video-preview:-1\" \/>\n<link rel=\"canonical\" href=\"https:\/\/projetoentenda.com.br\/site\/produto\/modelagem-de-conteudos\/\" \/>\n<meta property=\"og:locale\" content=\"pt_BR\" \/>\n<meta property=\"og:type\" content=\"article\" \/>\n<meta property=\"og:title\" content=\"Modelagem de conte\u00fados &bull; Projeto Entenda\" \/>\n<meta property=\"og:description\" content=\"AS MATR\u00cdCULAS DESTE CURSO EST\u00c3O ENCERRADAS. Elas ser\u00e3o reabertas quando esse curso for novamente oferecido. Para ser AVISADO quando as matr\u00edculas reabrirem, clique aqui e cadastre-se.\" \/>\n<meta property=\"og:url\" content=\"https:\/\/projetoentenda.com.br\/site\/produto\/modelagem-de-conteudos\/\" \/>\n<meta property=\"og:site_name\" content=\"Projeto Entenda\" \/>\n<meta property=\"article:publisher\" content=\"https:\/\/www.facebook.com\/professorcanto\" \/>\n<meta property=\"article:modified_time\" content=\"2023-05-08T17:04:53+00:00\" \/>\n<meta property=\"og:image\" content=\"https:\/\/projetoentenda.com.br\/site\/wp-content\/uploads\/2022\/11\/Curso_08_4x3_tarja.png\" \/>\n\t<meta property=\"og:image:width\" content=\"1200\" \/>\n\t<meta property=\"og:image:height\" content=\"900\" \/>\n\t<meta property=\"og:image:type\" content=\"image\/png\" \/>\n<meta name=\"twitter:card\" content=\"summary_large_image\" \/>\n<meta name=\"twitter:label1\" content=\"Est. tempo de leitura\" \/>\n\t<meta name=\"twitter:data1\" content=\"1 minuto\" \/>\n<script type=\"application\/ld+json\" class=\"yoast-schema-graph\">{\"@context\":\"https:\/\/schema.org\",\"@graph\":[{\"@type\":\"WebPage\",\"@id\":\"https:\/\/projetoentenda.com.br\/site\/produto\/modelagem-de-conteudos\/\",\"url\":\"https:\/\/projetoentenda.com.br\/site\/produto\/modelagem-de-conteudos\/\",\"name\":\"Modelagem de conte\u00fados &bull; Projeto Entenda\",\"isPartOf\":{\"@id\":\"https:\/\/projetoentenda.com.br\/site\/#website\"},\"datePublished\":\"2022-11-28T18:35:24+00:00\",\"dateModified\":\"2023-05-08T17:04:53+00:00\",\"breadcrumb\":{\"@id\":\"https:\/\/projetoentenda.com.br\/site\/produto\/modelagem-de-conteudos\/#breadcrumb\"},\"inLanguage\":\"pt-BR\",\"potentialAction\":[{\"@type\":\"ReadAction\",\"target\":[\"https:\/\/projetoentenda.com.br\/site\/produto\/modelagem-de-conteudos\/\"]}]},{\"@type\":\"BreadcrumbList\",\"@id\":\"https:\/\/projetoentenda.com.br\/site\/produto\/modelagem-de-conteudos\/#breadcrumb\",\"itemListElement\":[{\"@type\":\"ListItem\",\"position\":1,\"name\":\"In\u00edcio\",\"item\":\"https:\/\/projetoentenda.com.br\/site\/\"},{\"@type\":\"ListItem\",\"position\":2,\"name\":\"Loja\",\"item\":\"https:\/\/projetoentenda.com.br\/site\/loja\/\"},{\"@type\":\"ListItem\",\"position\":3,\"name\":\"Modelagem de conte\u00fados\"}]},{\"@type\":\"WebSite\",\"@id\":\"https:\/\/projetoentenda.com.br\/site\/#website\",\"url\":\"https:\/\/projetoentenda.com.br\/site\/\",\"name\":\"Projeto Entenda\",\"description\":\"Ensino Digital\",\"publisher\":{\"@id\":\"https:\/\/projetoentenda.com.br\/site\/#organization\"},\"potentialAction\":[{\"@type\":\"SearchAction\",\"target\":{\"@type\":\"EntryPoint\",\"urlTemplate\":\"https:\/\/projetoentenda.com.br\/site\/?s={search_term_string}\"},\"query-input\":\"required name=search_term_string\"}],\"inLanguage\":\"pt-BR\"},{\"@type\":\"Organization\",\"@id\":\"https:\/\/projetoentenda.com.br\/site\/#organization\",\"name\":\"Projeto Entenda\",\"url\":\"https:\/\/projetoentenda.com.br\/site\/\",\"logo\":{\"@type\":\"ImageObject\",\"inLanguage\":\"pt-BR\",\"@id\":\"https:\/\/projetoentenda.com.br\/site\/#\/schema\/logo\/image\/\",\"url\":\"https:\/\/projetoentenda.com.br\/site\/wp-content\/uploads\/2023\/04\/Logo.png\",\"contentUrl\":\"https:\/\/projetoentenda.com.br\/site\/wp-content\/uploads\/2023\/04\/Logo.png\",\"width\":690,\"height\":345,\"caption\":\"Projeto Entenda\"},\"image\":{\"@id\":\"https:\/\/projetoentenda.com.br\/site\/#\/schema\/logo\/image\/\"},\"sameAs\":[\"https:\/\/www.facebook.com\/professorcanto\",\"https:\/\/www.youtube.com\/professorcanto\",\"https:\/\/www.instagram.com\/professorcanto\/\"]}]}<\/script>\n<!-- \/ Yoast SEO plugin. -->","yoast_head_json":{"title":"Modelagem de conte\u00fados &bull; Projeto Entenda","robots":{"index":"index","follow":"follow","max-snippet":"max-snippet:-1","max-image-preview":"max-image-preview:large","max-video-preview":"max-video-preview:-1"},"canonical":"https:\/\/projetoentenda.com.br\/site\/produto\/modelagem-de-conteudos\/","og_locale":"pt_BR","og_type":"article","og_title":"Modelagem de conte\u00fados &bull; Projeto Entenda","og_description":"AS MATR\u00cdCULAS DESTE CURSO EST\u00c3O ENCERRADAS. Elas ser\u00e3o reabertas quando esse curso for novamente oferecido. Para ser AVISADO quando as matr\u00edculas reabrirem, clique aqui e cadastre-se.","og_url":"https:\/\/projetoentenda.com.br\/site\/produto\/modelagem-de-conteudos\/","og_site_name":"Projeto Entenda","article_publisher":"https:\/\/www.facebook.com\/professorcanto","article_modified_time":"2023-05-08T17:04:53+00:00","og_image":[{"width":1200,"height":900,"url":"https:\/\/projetoentenda.com.br\/site\/wp-content\/uploads\/2022\/11\/Curso_08_4x3_tarja.png","type":"image\/png"}],"twitter_card":"summary_large_image","twitter_misc":{"Est. tempo de leitura":"1 minuto"},"schema":{"@context":"https:\/\/schema.org","@graph":[{"@type":"WebPage","@id":"https:\/\/projetoentenda.com.br\/site\/produto\/modelagem-de-conteudos\/","url":"https:\/\/projetoentenda.com.br\/site\/produto\/modelagem-de-conteudos\/","name":"Modelagem de conte\u00fados &bull; Projeto Entenda","isPartOf":{"@id":"https:\/\/projetoentenda.com.br\/site\/#website"},"datePublished":"2022-11-28T18:35:24+00:00","dateModified":"2023-05-08T17:04:53+00:00","breadcrumb":{"@id":"https:\/\/projetoentenda.com.br\/site\/produto\/modelagem-de-conteudos\/#breadcrumb"},"inLanguage":"pt-BR","potentialAction":[{"@type":"ReadAction","target":["https:\/\/projetoentenda.com.br\/site\/produto\/modelagem-de-conteudos\/"]}]},{"@type":"BreadcrumbList","@id":"https:\/\/projetoentenda.com.br\/site\/produto\/modelagem-de-conteudos\/#breadcrumb","itemListElement":[{"@type":"ListItem","position":1,"name":"In\u00edcio","item":"https:\/\/projetoentenda.com.br\/site\/"},{"@type":"ListItem","position":2,"name":"Loja","item":"https:\/\/projetoentenda.com.br\/site\/loja\/"},{"@type":"ListItem","position":3,"name":"Modelagem de conte\u00fados"}]},{"@type":"WebSite","@id":"https:\/\/projetoentenda.com.br\/site\/#website","url":"https:\/\/projetoentenda.com.br\/site\/","name":"Projeto Entenda","description":"Ensino Digital","publisher":{"@id":"https:\/\/projetoentenda.com.br\/site\/#organization"},"potentialAction":[{"@type":"SearchAction","target":{"@type":"EntryPoint","urlTemplate":"https:\/\/projetoentenda.com.br\/site\/?s={search_term_string}"},"query-input":"required name=search_term_string"}],"inLanguage":"pt-BR"},{"@type":"Organization","@id":"https:\/\/projetoentenda.com.br\/site\/#organization","name":"Projeto Entenda","url":"https:\/\/projetoentenda.com.br\/site\/","logo":{"@type":"ImageObject","inLanguage":"pt-BR","@id":"https:\/\/projetoentenda.com.br\/site\/#\/schema\/logo\/image\/","url":"https:\/\/projetoentenda.com.br\/site\/wp-content\/uploads\/2023\/04\/Logo.png","contentUrl":"https:\/\/projetoentenda.com.br\/site\/wp-content\/uploads\/2023\/04\/Logo.png","width":690,"height":345,"caption":"Projeto Entenda"},"image":{"@id":"https:\/\/projetoentenda.com.br\/site\/#\/schema\/logo\/image\/"},"sameAs":["https:\/\/www.facebook.com\/professorcanto","https:\/\/www.youtube.com\/professorcanto","https:\/\/www.instagram.com\/professorcanto\/"]}]}},"_links":{"self":[{"href":"https:\/\/projetoentenda.com.br\/site\/wp-json\/wp\/v3\/product\/978"}],"collection":[{"href":"https:\/\/projetoentenda.com.br\/site\/wp-json\/wp\/v3\/product"}],"about":[{"href":"https:\/\/projetoentenda.com.br\/site\/wp-json\/wp\/v2\/types\/product"}],"wp:featuredmedia":[{"embeddable":true,"href":"https:\/\/projetoentenda.com.br\/site\/wp-json\/wp\/v2\/media\/1380"}],"wp:attachment":[{"href":"https:\/\/projetoentenda.com.br\/site\/wp-json\/wp\/v2\/media?parent=978"}],"wp:term":[{"taxonomy":"product_cat","embeddable":true,"href":"https:\/\/projetoentenda.com.br\/site\/wp-json\/wp\/v2\/product_cat?post=978"},{"taxonomy":"product_tag","embeddable":true,"href":"https:\/\/projetoentenda.com.br\/site\/wp-json\/wp\/v2\/product_tag?post=978"}],"curies":[{"name":"wp","href":"https:\/\/api.w.org\/{rel}","templated":true}]}}