{"id":952,"date":"2022-11-28T09:23:03","date_gmt":"2022-11-28T12:23:03","guid":{"rendered":"https:\/\/projetoentenda.com.br\/site\/?post_type=product&#038;p=952"},"modified":"2023-05-06T17:54:38","modified_gmt":"2023-05-06T20:54:38","slug":"introducao-a-quimica-para-humanas","status":"publish","type":"product","link":"https:\/\/projetoentenda.com.br\/site\/produto\/introducao-a-quimica-para-humanas\/","title":{"rendered":"Introdu\u00e7\u00e3o \u00e0 Qu\u00edmica para Humanas"},"content":{"rendered":"<p><b>MATR\u00cdCULAS ENCERRADAS \u2013 ELAS SER\u00c3O REABERTAS QUANDO ESSE CURSO FOR NOVAMENTE OFERECIDO.<\/b><\/p>\n<p><b>Para ser AVISADO quando elas reabrirem, <a href=\"https:\/\/projetoentenda.com.br\/site\/avise-me\/\" target=\"_blank\" rel=\"noopener\">clique aqui<\/a> e cadastre-se.<\/b><\/p>\n<p>Esse curso \u00e9 destinado aos estudantes que est\u00e3o prestando Enem ou Vestibular para entrar na universidade em carreiras da \u00e1rea de Humanas. Ele foi especialmente projetado pensando nas dificuldades que os estudantes de Humanas t\u00eam com Ci\u00eancias Exatas e Ci\u00eancias da Natureza.<\/p>\n<p>Al\u00e9m de discutir os temas introdut\u00f3rios da Quimica de modo qualitativo, o curso tamb\u00e9m discute as ferramentas matem\u00e1ticas que permitem compreender, tamb\u00e9m de modo introdut\u00f3rio, aspectos quantitativos dessa Ci\u00eancia.<\/p>\n<p>A metodologia utilizada inclui diversos exemplos resolvidos e comentados em v\u00eddeo.<\/p>\n","protected":false},"excerpt":{"rendered":"<p dir=\"ltr\"><b>AS MATR\u00cdCULAS DESTE CURSO EST\u00c3O ENCERRADAS.<\/b><\/p>\n<p dir=\"ltr\"><b>Elas ser\u00e3o reabertas quando esse curso for novamente oferecido.<\/b><\/p>\n<p dir=\"ltr\"><b>Para ser AVISADO quando as matr\u00edculas reabrirem, <a href=\"https:\/\/projetoentenda.com.br\/site\/avise-me\/\" target=\"_blank\" rel=\"noopener\">clique aqui<\/a> e cadastre-se.<\/b><\/p>\n","protected":false},"featured_media":1377,"template":"","meta":[],"product_cat":[25],"product_tag":[],"yoast_head":"<!-- This site is optimized with the Yoast SEO plugin v20.5 - https:\/\/yoast.com\/wordpress\/plugins\/seo\/ -->\n<title>Introdu\u00e7\u00e3o \u00e0 Qu\u00edmica para Humanas &bull; Projeto Entenda<\/title>\n<meta name=\"robots\" content=\"index, follow, max-snippet:-1, max-image-preview:large, max-video-preview:-1\" \/>\n<link rel=\"canonical\" href=\"https:\/\/projetoentenda.com.br\/site\/produto\/introducao-a-quimica-para-humanas\/\" \/>\n<meta property=\"og:locale\" content=\"pt_BR\" \/>\n<meta property=\"og:type\" content=\"article\" \/>\n<meta property=\"og:title\" content=\"Introdu\u00e7\u00e3o \u00e0 Qu\u00edmica para Humanas &bull; Projeto Entenda\" \/>\n<meta property=\"og:description\" content=\"AS MATR\u00cdCULAS DESTE CURSO EST\u00c3O ENCERRADAS. Elas ser\u00e3o reabertas quando esse curso for novamente oferecido. Para ser AVISADO quando as matr\u00edculas reabrirem, clique aqui e cadastre-se.\" \/>\n<meta property=\"og:url\" content=\"https:\/\/projetoentenda.com.br\/site\/produto\/introducao-a-quimica-para-humanas\/\" \/>\n<meta property=\"og:site_name\" content=\"Projeto Entenda\" \/>\n<meta property=\"article:publisher\" content=\"https:\/\/www.facebook.com\/professorcanto\" \/>\n<meta property=\"article:modified_time\" content=\"2023-05-06T20:54:38+00:00\" \/>\n<meta property=\"og:image\" content=\"https:\/\/projetoentenda.com.br\/site\/wp-content\/uploads\/2022\/11\/Curso_05_4x3_tarja.png\" \/>\n\t<meta property=\"og:image:width\" content=\"1200\" \/>\n\t<meta property=\"og:image:height\" content=\"900\" \/>\n\t<meta property=\"og:image:type\" content=\"image\/png\" \/>\n<meta name=\"twitter:card\" content=\"summary_large_image\" \/>\n<meta name=\"twitter:label1\" content=\"Est. tempo de leitura\" \/>\n\t<meta name=\"twitter:data1\" content=\"1 minuto\" \/>\n<script type=\"application\/ld+json\" class=\"yoast-schema-graph\">{\"@context\":\"https:\/\/schema.org\",\"@graph\":[{\"@type\":\"WebPage\",\"@id\":\"https:\/\/projetoentenda.com.br\/site\/produto\/introducao-a-quimica-para-humanas\/\",\"url\":\"https:\/\/projetoentenda.com.br\/site\/produto\/introducao-a-quimica-para-humanas\/\",\"name\":\"Introdu\u00e7\u00e3o \u00e0 Qu\u00edmica para Humanas &bull; Projeto Entenda\",\"isPartOf\":{\"@id\":\"https:\/\/projetoentenda.com.br\/site\/#website\"},\"datePublished\":\"2022-11-28T12:23:03+00:00\",\"dateModified\":\"2023-05-06T20:54:38+00:00\",\"breadcrumb\":{\"@id\":\"https:\/\/projetoentenda.com.br\/site\/produto\/introducao-a-quimica-para-humanas\/#breadcrumb\"},\"inLanguage\":\"pt-BR\",\"potentialAction\":[{\"@type\":\"ReadAction\",\"target\":[\"https:\/\/projetoentenda.com.br\/site\/produto\/introducao-a-quimica-para-humanas\/\"]}]},{\"@type\":\"BreadcrumbList\",\"@id\":\"https:\/\/projetoentenda.com.br\/site\/produto\/introducao-a-quimica-para-humanas\/#breadcrumb\",\"itemListElement\":[{\"@type\":\"ListItem\",\"position\":1,\"name\":\"In\u00edcio\",\"item\":\"https:\/\/projetoentenda.com.br\/site\/\"},{\"@type\":\"ListItem\",\"position\":2,\"name\":\"Loja\",\"item\":\"https:\/\/projetoentenda.com.br\/site\/loja\/\"},{\"@type\":\"ListItem\",\"position\":3,\"name\":\"Introdu\u00e7\u00e3o \u00e0 Qu\u00edmica para Humanas\"}]},{\"@type\":\"WebSite\",\"@id\":\"https:\/\/projetoentenda.com.br\/site\/#website\",\"url\":\"https:\/\/projetoentenda.com.br\/site\/\",\"name\":\"Projeto Entenda\",\"description\":\"Ensino Digital\",\"publisher\":{\"@id\":\"https:\/\/projetoentenda.com.br\/site\/#organization\"},\"potentialAction\":[{\"@type\":\"SearchAction\",\"target\":{\"@type\":\"EntryPoint\",\"urlTemplate\":\"https:\/\/projetoentenda.com.br\/site\/?s={search_term_string}\"},\"query-input\":\"required name=search_term_string\"}],\"inLanguage\":\"pt-BR\"},{\"@type\":\"Organization\",\"@id\":\"https:\/\/projetoentenda.com.br\/site\/#organization\",\"name\":\"Projeto Entenda\",\"url\":\"https:\/\/projetoentenda.com.br\/site\/\",\"logo\":{\"@type\":\"ImageObject\",\"inLanguage\":\"pt-BR\",\"@id\":\"https:\/\/projetoentenda.com.br\/site\/#\/schema\/logo\/image\/\",\"url\":\"https:\/\/projetoentenda.com.br\/site\/wp-content\/uploads\/2023\/04\/Logo.png\",\"contentUrl\":\"https:\/\/projetoentenda.com.br\/site\/wp-content\/uploads\/2023\/04\/Logo.png\",\"width\":690,\"height\":345,\"caption\":\"Projeto Entenda\"},\"image\":{\"@id\":\"https:\/\/projetoentenda.com.br\/site\/#\/schema\/logo\/image\/\"},\"sameAs\":[\"https:\/\/www.facebook.com\/professorcanto\",\"https:\/\/www.youtube.com\/professorcanto\",\"https:\/\/www.instagram.com\/professorcanto\/\"]}]}<\/script>\n<!-- \/ Yoast SEO plugin. -->","yoast_head_json":{"title":"Introdu\u00e7\u00e3o \u00e0 Qu\u00edmica para Humanas &bull; Projeto Entenda","robots":{"index":"index","follow":"follow","max-snippet":"max-snippet:-1","max-image-preview":"max-image-preview:large","max-video-preview":"max-video-preview:-1"},"canonical":"https:\/\/projetoentenda.com.br\/site\/produto\/introducao-a-quimica-para-humanas\/","og_locale":"pt_BR","og_type":"article","og_title":"Introdu\u00e7\u00e3o \u00e0 Qu\u00edmica para Humanas &bull; Projeto Entenda","og_description":"AS MATR\u00cdCULAS DESTE CURSO EST\u00c3O ENCERRADAS. Elas ser\u00e3o reabertas quando esse curso for novamente oferecido. Para ser AVISADO quando as matr\u00edculas reabrirem, clique aqui e cadastre-se.","og_url":"https:\/\/projetoentenda.com.br\/site\/produto\/introducao-a-quimica-para-humanas\/","og_site_name":"Projeto Entenda","article_publisher":"https:\/\/www.facebook.com\/professorcanto","article_modified_time":"2023-05-06T20:54:38+00:00","og_image":[{"width":1200,"height":900,"url":"https:\/\/projetoentenda.com.br\/site\/wp-content\/uploads\/2022\/11\/Curso_05_4x3_tarja.png","type":"image\/png"}],"twitter_card":"summary_large_image","twitter_misc":{"Est. tempo de leitura":"1 minuto"},"schema":{"@context":"https:\/\/schema.org","@graph":[{"@type":"WebPage","@id":"https:\/\/projetoentenda.com.br\/site\/produto\/introducao-a-quimica-para-humanas\/","url":"https:\/\/projetoentenda.com.br\/site\/produto\/introducao-a-quimica-para-humanas\/","name":"Introdu\u00e7\u00e3o \u00e0 Qu\u00edmica para Humanas &bull; Projeto Entenda","isPartOf":{"@id":"https:\/\/projetoentenda.com.br\/site\/#website"},"datePublished":"2022-11-28T12:23:03+00:00","dateModified":"2023-05-06T20:54:38+00:00","breadcrumb":{"@id":"https:\/\/projetoentenda.com.br\/site\/produto\/introducao-a-quimica-para-humanas\/#breadcrumb"},"inLanguage":"pt-BR","potentialAction":[{"@type":"ReadAction","target":["https:\/\/projetoentenda.com.br\/site\/produto\/introducao-a-quimica-para-humanas\/"]}]},{"@type":"BreadcrumbList","@id":"https:\/\/projetoentenda.com.br\/site\/produto\/introducao-a-quimica-para-humanas\/#breadcrumb","itemListElement":[{"@type":"ListItem","position":1,"name":"In\u00edcio","item":"https:\/\/projetoentenda.com.br\/site\/"},{"@type":"ListItem","position":2,"name":"Loja","item":"https:\/\/projetoentenda.com.br\/site\/loja\/"},{"@type":"ListItem","position":3,"name":"Introdu\u00e7\u00e3o \u00e0 Qu\u00edmica para Humanas"}]},{"@type":"WebSite","@id":"https:\/\/projetoentenda.com.br\/site\/#website","url":"https:\/\/projetoentenda.com.br\/site\/","name":"Projeto Entenda","description":"Ensino Digital","publisher":{"@id":"https:\/\/projetoentenda.com.br\/site\/#organization"},"potentialAction":[{"@type":"SearchAction","target":{"@type":"EntryPoint","urlTemplate":"https:\/\/projetoentenda.com.br\/site\/?s={search_term_string}"},"query-input":"required name=search_term_string"}],"inLanguage":"pt-BR"},{"@type":"Organization","@id":"https:\/\/projetoentenda.com.br\/site\/#organization","name":"Projeto Entenda","url":"https:\/\/projetoentenda.com.br\/site\/","logo":{"@type":"ImageObject","inLanguage":"pt-BR","@id":"https:\/\/projetoentenda.com.br\/site\/#\/schema\/logo\/image\/","url":"https:\/\/projetoentenda.com.br\/site\/wp-content\/uploads\/2023\/04\/Logo.png","contentUrl":"https:\/\/projetoentenda.com.br\/site\/wp-content\/uploads\/2023\/04\/Logo.png","width":690,"height":345,"caption":"Projeto Entenda"},"image":{"@id":"https:\/\/projetoentenda.com.br\/site\/#\/schema\/logo\/image\/"},"sameAs":["https:\/\/www.facebook.com\/professorcanto","https:\/\/www.youtube.com\/professorcanto","https:\/\/www.instagram.com\/professorcanto\/"]}]}},"_links":{"self":[{"href":"https:\/\/projetoentenda.com.br\/site\/wp-json\/wp\/v3\/product\/952"}],"collection":[{"href":"https:\/\/projetoentenda.com.br\/site\/wp-json\/wp\/v3\/product"}],"about":[{"href":"https:\/\/projetoentenda.com.br\/site\/wp-json\/wp\/v2\/types\/product"}],"wp:featuredmedia":[{"embeddable":true,"href":"https:\/\/projetoentenda.com.br\/site\/wp-json\/wp\/v2\/media\/1377"}],"wp:attachment":[{"href":"https:\/\/projetoentenda.com.br\/site\/wp-json\/wp\/v2\/media?parent=952"}],"wp:term":[{"taxonomy":"product_cat","embeddable":true,"href":"https:\/\/projetoentenda.com.br\/site\/wp-json\/wp\/v2\/product_cat?post=952"},{"taxonomy":"product_tag","embeddable":true,"href":"https:\/\/projetoentenda.com.br\/site\/wp-json\/wp\/v2\/product_tag?post=952"}],"curies":[{"name":"wp","href":"https:\/\/api.w.org\/{rel}","templated":true}]}}