{"id":946,"date":"2022-11-28T08:27:19","date_gmt":"2022-11-28T11:27:19","guid":{"rendered":"https:\/\/projetoentenda.com.br\/site\/?post_type=product&#038;p=946"},"modified":"2023-05-06T17:53:20","modified_gmt":"2023-05-06T20:53:20","slug":"quimica-para-medicina","status":"publish","type":"product","link":"https:\/\/projetoentenda.com.br\/site\/produto\/quimica-para-medicina\/","title":{"rendered":"Qu\u00edmica para Medicina"},"content":{"rendered":"<p><b>MATR\u00cdCULAS ENCERRADAS \u2013 ELAS SER\u00c3O REABERTAS QUANDO ESSE CURSO FOR NOVAMENTE OFERECIDO.<\/b><\/p>\n<p><b>Para ser AVISADO quando elas reabrirem, <a href=\"https:\/\/projetoentenda.com.br\/site\/avise-me\/\" target=\"_blank\" rel=\"noopener\">clique aqui<\/a> e cadastre-se.<\/b><\/p>\n<p>Curso indicado para quem deseja entrar em Medicina, seja por meio do ENEM ou prestando vestibulares como FUVEST, UNICAMP, PUC e outros de alto n\u00edvel.<\/p>\n<p>Todos os temas da Qu\u00edmica s\u00e3o explicados desde o n\u00edvel introdut\u00f3rio at\u00e9 o aprofundamento.<\/p>\n<p>Inclui grande quantidade de exerc\u00edcios resolvidos em v\u00eddeo, com coment\u00e1rios detalhados.<\/p>\n<p>Apresenta lista de exerc\u00edcios com diferentes n\u00edveis de dificuldade.<\/p>\n<p>Ideal para quem j\u00e1 tentou estudar em cursinhos presenciais ou <i>on-line<\/i> e se frustou porque n\u00e3o obteve bons resultados.<\/p>\n","protected":false},"excerpt":{"rendered":"<p dir=\"ltr\"><b>AS MATR\u00cdCULAS DESTE CURSO EST\u00c3O ENCERRADAS.<\/b><\/p>\n<p dir=\"ltr\"><b>Elas ser\u00e3o reabertas quando esse curso for novamente oferecido.<\/b><\/p>\n<p dir=\"ltr\"><b>Para ser AVISADO quando as matr\u00edculas reabrirem, <a href=\"https:\/\/projetoentenda.com.br\/site\/avise-me\/\" target=\"_blank\" rel=\"noopener\">clique aqui<\/a> e cadastre-se.<\/b><\/p>\n","protected":false},"featured_media":1375,"template":"","meta":[],"product_cat":[25],"product_tag":[],"yoast_head":"<!-- This site is optimized with the Yoast SEO plugin v20.5 - https:\/\/yoast.com\/wordpress\/plugins\/seo\/ -->\n<title>Qu\u00edmica para Medicina &bull; Projeto Entenda<\/title>\n<meta name=\"robots\" content=\"index, follow, max-snippet:-1, max-image-preview:large, max-video-preview:-1\" \/>\n<link rel=\"canonical\" href=\"https:\/\/projetoentenda.com.br\/site\/produto\/quimica-para-medicina\/\" \/>\n<meta property=\"og:locale\" content=\"pt_BR\" \/>\n<meta property=\"og:type\" content=\"article\" \/>\n<meta property=\"og:title\" content=\"Qu\u00edmica para Medicina &bull; Projeto Entenda\" \/>\n<meta property=\"og:description\" content=\"AS MATR\u00cdCULAS DESTE CURSO EST\u00c3O ENCERRADAS. Elas ser\u00e3o reabertas quando esse curso for novamente oferecido. Para ser AVISADO quando as matr\u00edculas reabrirem, clique aqui e cadastre-se.\" \/>\n<meta property=\"og:url\" content=\"https:\/\/projetoentenda.com.br\/site\/produto\/quimica-para-medicina\/\" \/>\n<meta property=\"og:site_name\" content=\"Projeto Entenda\" \/>\n<meta property=\"article:publisher\" content=\"https:\/\/www.facebook.com\/professorcanto\" \/>\n<meta property=\"article:modified_time\" content=\"2023-05-06T20:53:20+00:00\" \/>\n<meta property=\"og:image\" content=\"https:\/\/projetoentenda.com.br\/site\/wp-content\/uploads\/2022\/11\/Curso_03_4x3_tarja.png\" \/>\n\t<meta property=\"og:image:width\" content=\"1200\" \/>\n\t<meta property=\"og:image:height\" content=\"900\" \/>\n\t<meta property=\"og:image:type\" content=\"image\/png\" \/>\n<meta name=\"twitter:card\" content=\"summary_large_image\" \/>\n<meta name=\"twitter:label1\" content=\"Est. tempo de leitura\" \/>\n\t<meta name=\"twitter:data1\" content=\"1 minuto\" \/>\n<script type=\"application\/ld+json\" class=\"yoast-schema-graph\">{\"@context\":\"https:\/\/schema.org\",\"@graph\":[{\"@type\":\"WebPage\",\"@id\":\"https:\/\/projetoentenda.com.br\/site\/produto\/quimica-para-medicina\/\",\"url\":\"https:\/\/projetoentenda.com.br\/site\/produto\/quimica-para-medicina\/\",\"name\":\"Qu\u00edmica para Medicina &bull; Projeto Entenda\",\"isPartOf\":{\"@id\":\"https:\/\/projetoentenda.com.br\/site\/#website\"},\"datePublished\":\"2022-11-28T11:27:19+00:00\",\"dateModified\":\"2023-05-06T20:53:20+00:00\",\"breadcrumb\":{\"@id\":\"https:\/\/projetoentenda.com.br\/site\/produto\/quimica-para-medicina\/#breadcrumb\"},\"inLanguage\":\"pt-BR\",\"potentialAction\":[{\"@type\":\"ReadAction\",\"target\":[\"https:\/\/projetoentenda.com.br\/site\/produto\/quimica-para-medicina\/\"]}]},{\"@type\":\"BreadcrumbList\",\"@id\":\"https:\/\/projetoentenda.com.br\/site\/produto\/quimica-para-medicina\/#breadcrumb\",\"itemListElement\":[{\"@type\":\"ListItem\",\"position\":1,\"name\":\"In\u00edcio\",\"item\":\"https:\/\/projetoentenda.com.br\/site\/\"},{\"@type\":\"ListItem\",\"position\":2,\"name\":\"Loja\",\"item\":\"https:\/\/projetoentenda.com.br\/site\/loja\/\"},{\"@type\":\"ListItem\",\"position\":3,\"name\":\"Qu\u00edmica para Medicina\"}]},{\"@type\":\"WebSite\",\"@id\":\"https:\/\/projetoentenda.com.br\/site\/#website\",\"url\":\"https:\/\/projetoentenda.com.br\/site\/\",\"name\":\"Projeto Entenda\",\"description\":\"Ensino Digital\",\"publisher\":{\"@id\":\"https:\/\/projetoentenda.com.br\/site\/#organization\"},\"potentialAction\":[{\"@type\":\"SearchAction\",\"target\":{\"@type\":\"EntryPoint\",\"urlTemplate\":\"https:\/\/projetoentenda.com.br\/site\/?s={search_term_string}\"},\"query-input\":\"required name=search_term_string\"}],\"inLanguage\":\"pt-BR\"},{\"@type\":\"Organization\",\"@id\":\"https:\/\/projetoentenda.com.br\/site\/#organization\",\"name\":\"Projeto Entenda\",\"url\":\"https:\/\/projetoentenda.com.br\/site\/\",\"logo\":{\"@type\":\"ImageObject\",\"inLanguage\":\"pt-BR\",\"@id\":\"https:\/\/projetoentenda.com.br\/site\/#\/schema\/logo\/image\/\",\"url\":\"https:\/\/projetoentenda.com.br\/site\/wp-content\/uploads\/2023\/04\/Logo.png\",\"contentUrl\":\"https:\/\/projetoentenda.com.br\/site\/wp-content\/uploads\/2023\/04\/Logo.png\",\"width\":690,\"height\":345,\"caption\":\"Projeto Entenda\"},\"image\":{\"@id\":\"https:\/\/projetoentenda.com.br\/site\/#\/schema\/logo\/image\/\"},\"sameAs\":[\"https:\/\/www.facebook.com\/professorcanto\",\"https:\/\/www.youtube.com\/professorcanto\",\"https:\/\/www.instagram.com\/professorcanto\/\"]}]}<\/script>\n<!-- \/ Yoast SEO plugin. -->","yoast_head_json":{"title":"Qu\u00edmica para Medicina &bull; Projeto Entenda","robots":{"index":"index","follow":"follow","max-snippet":"max-snippet:-1","max-image-preview":"max-image-preview:large","max-video-preview":"max-video-preview:-1"},"canonical":"https:\/\/projetoentenda.com.br\/site\/produto\/quimica-para-medicina\/","og_locale":"pt_BR","og_type":"article","og_title":"Qu\u00edmica para Medicina &bull; Projeto Entenda","og_description":"AS MATR\u00cdCULAS DESTE CURSO EST\u00c3O ENCERRADAS. Elas ser\u00e3o reabertas quando esse curso for novamente oferecido. Para ser AVISADO quando as matr\u00edculas reabrirem, clique aqui e cadastre-se.","og_url":"https:\/\/projetoentenda.com.br\/site\/produto\/quimica-para-medicina\/","og_site_name":"Projeto Entenda","article_publisher":"https:\/\/www.facebook.com\/professorcanto","article_modified_time":"2023-05-06T20:53:20+00:00","og_image":[{"width":1200,"height":900,"url":"https:\/\/projetoentenda.com.br\/site\/wp-content\/uploads\/2022\/11\/Curso_03_4x3_tarja.png","type":"image\/png"}],"twitter_card":"summary_large_image","twitter_misc":{"Est. tempo de leitura":"1 minuto"},"schema":{"@context":"https:\/\/schema.org","@graph":[{"@type":"WebPage","@id":"https:\/\/projetoentenda.com.br\/site\/produto\/quimica-para-medicina\/","url":"https:\/\/projetoentenda.com.br\/site\/produto\/quimica-para-medicina\/","name":"Qu\u00edmica para Medicina &bull; Projeto Entenda","isPartOf":{"@id":"https:\/\/projetoentenda.com.br\/site\/#website"},"datePublished":"2022-11-28T11:27:19+00:00","dateModified":"2023-05-06T20:53:20+00:00","breadcrumb":{"@id":"https:\/\/projetoentenda.com.br\/site\/produto\/quimica-para-medicina\/#breadcrumb"},"inLanguage":"pt-BR","potentialAction":[{"@type":"ReadAction","target":["https:\/\/projetoentenda.com.br\/site\/produto\/quimica-para-medicina\/"]}]},{"@type":"BreadcrumbList","@id":"https:\/\/projetoentenda.com.br\/site\/produto\/quimica-para-medicina\/#breadcrumb","itemListElement":[{"@type":"ListItem","position":1,"name":"In\u00edcio","item":"https:\/\/projetoentenda.com.br\/site\/"},{"@type":"ListItem","position":2,"name":"Loja","item":"https:\/\/projetoentenda.com.br\/site\/loja\/"},{"@type":"ListItem","position":3,"name":"Qu\u00edmica para Medicina"}]},{"@type":"WebSite","@id":"https:\/\/projetoentenda.com.br\/site\/#website","url":"https:\/\/projetoentenda.com.br\/site\/","name":"Projeto Entenda","description":"Ensino Digital","publisher":{"@id":"https:\/\/projetoentenda.com.br\/site\/#organization"},"potentialAction":[{"@type":"SearchAction","target":{"@type":"EntryPoint","urlTemplate":"https:\/\/projetoentenda.com.br\/site\/?s={search_term_string}"},"query-input":"required name=search_term_string"}],"inLanguage":"pt-BR"},{"@type":"Organization","@id":"https:\/\/projetoentenda.com.br\/site\/#organization","name":"Projeto Entenda","url":"https:\/\/projetoentenda.com.br\/site\/","logo":{"@type":"ImageObject","inLanguage":"pt-BR","@id":"https:\/\/projetoentenda.com.br\/site\/#\/schema\/logo\/image\/","url":"https:\/\/projetoentenda.com.br\/site\/wp-content\/uploads\/2023\/04\/Logo.png","contentUrl":"https:\/\/projetoentenda.com.br\/site\/wp-content\/uploads\/2023\/04\/Logo.png","width":690,"height":345,"caption":"Projeto Entenda"},"image":{"@id":"https:\/\/projetoentenda.com.br\/site\/#\/schema\/logo\/image\/"},"sameAs":["https:\/\/www.facebook.com\/professorcanto","https:\/\/www.youtube.com\/professorcanto","https:\/\/www.instagram.com\/professorcanto\/"]}]}},"_links":{"self":[{"href":"https:\/\/projetoentenda.com.br\/site\/wp-json\/wp\/v3\/product\/946"}],"collection":[{"href":"https:\/\/projetoentenda.com.br\/site\/wp-json\/wp\/v3\/product"}],"about":[{"href":"https:\/\/projetoentenda.com.br\/site\/wp-json\/wp\/v2\/types\/product"}],"wp:featuredmedia":[{"embeddable":true,"href":"https:\/\/projetoentenda.com.br\/site\/wp-json\/wp\/v2\/media\/1375"}],"wp:attachment":[{"href":"https:\/\/projetoentenda.com.br\/site\/wp-json\/wp\/v2\/media?parent=946"}],"wp:term":[{"taxonomy":"product_cat","embeddable":true,"href":"https:\/\/projetoentenda.com.br\/site\/wp-json\/wp\/v2\/product_cat?post=946"},{"taxonomy":"product_tag","embeddable":true,"href":"https:\/\/projetoentenda.com.br\/site\/wp-json\/wp\/v2\/product_tag?post=946"}],"curies":[{"name":"wp","href":"https:\/\/api.w.org\/{rel}","templated":true}]}}