{"id":1138,"date":"2023-04-21T11:52:53","date_gmt":"2023-04-21T14:52:53","guid":{"rendered":"https:\/\/projetoentenda.com.br\/site\/?post_type=product&#038;p=1138"},"modified":"2026-01-19T17:07:18","modified_gmt":"2026-01-19T20:07:18","slug":"por-que-as-reacoes-quimicas-ocorrem","status":"publish","type":"product","link":"https:\/\/projetoentenda.com.br\/site\/produto\/por-que-as-reacoes-quimicas-ocorrem\/","title":{"rendered":"Por que as rea\u00e7\u00f5es qu\u00edmicas ocorrem?"},"content":{"rendered":"<p>Esse curso permite que voc\u00ea compreenda os motivos que fazem com que determinadas transforma\u00e7\u00f5es qu\u00edmicas (e tamb\u00e9m mudan\u00e7as de fase) ocorram e outras n\u00e3o.<\/p>\n<p>Ele tem <b>\u00eanfase no entendimento dos conceitos<\/b> e destina-se a:<\/p>\n<p>\u2022 docentes de Qu\u00edmica, Biologia e F\u00edsica do Ensino M\u00e9dio (e do Fund. 2);<\/p>\n<p>\u2022 estudantes universit\u00e1rios das \u00e1reas de Exatas e Biol\u00f3gicas;<\/p>\n<p>\u2022 editores da \u00e1rea de Ci\u00eancias da Natureza.<\/p>\n<p>Ele <b>n\u00e3o<\/b> \u00e9 um curso sobre como ensinar rea\u00e7\u00f5es qu\u00edmicas, mas <b>sim<\/b> voltado \u00e0 forma\u00e7\u00e3o continuada dos profissionais, propiciando uma compreens\u00e3o plena do tema, sob o ponto de vista conceitual.<\/p>\n<p>Consiste de 25 aulas, cada qual com um resumo baix\u00e1vel em pdf.<\/p>\n<p><b>Programa\u00e7\u00e3o:<\/b><\/p>\n<p class=\"p2\">Aula 1 &#8211; Come\u00e7ando a jornada<\/p>\n<p class=\"p2\">Aula 2 &#8211; Transfer\u00eancia de calor e espontaneidade<\/p>\n<p class=\"p2\">Aula 3 &#8211; Espontaneidade e probabilidade<\/p>\n<p class=\"p2\">Aula 4 &#8211; O que significa a grandeza entropia (S)?<\/p>\n<p class=\"p2\">Aula 5 &#8211; Como se determina a entropia de uma subst\u00e2ncia?<\/p>\n<p class=\"p2\">Aula 6 &#8211; O que significa um aumento de entropia?<\/p>\n<p class=\"p2\">Aula 7 &#8211; Sum\u00e1rio de casos em que <span class=\"s1\">\u0394<\/span>S &gt; 0<\/p>\n<p class=\"p2\">Aula 8 &#8211; Analisando sistema + ambiente: energia livre (G)<\/p>\n<p class=\"p2\">Aula 9 &#8211; Como <span class=\"s1\">\u0394<\/span>G varia com a temperatura?<\/p>\n<p class=\"p2\">Aula 10 &#8211; Energia livre e grau de avan\u00e7o<\/p>\n<p class=\"p2\">Aula 11 &#8211; Energia livre e equil\u00edbrio qu\u00edmico<\/p>\n<p class=\"p2\">Aula 12 &#8211; Grau de avan\u00e7o no ponto de equil\u00edbrio<\/p>\n<p class=\"p2\">Aula 13 &#8211; Rea\u00e7\u00f5es com |<span class=\"s1\">\u0394<\/span>G| muito grande<\/p>\n<p class=\"p2\">Aula 14 &#8211; Potencial qu\u00edmico e equil\u00edbrio qu\u00edmico<\/p>\n<p class=\"p2\">Aula 15 &#8211; Potencial qu\u00edmico e distribui\u00e7\u00e3o de soluto<\/p>\n<p class=\"p2\">Aula 16 &#8211; Trabalho expansivo de um sistema qu\u00edmico<\/p>\n<p class=\"p3\">Aula 17 &#8211; Compreendendo a varia\u00e7\u00e3o de entalpia (<span class=\"s1\">\u0394<\/span>H)<\/p>\n<p class=\"p2\">Aula 18 &#8211; Convers\u00e3o de calor em trabalho<\/p>\n<p class=\"p2\">Aula 19 &#8211; Rea\u00e7\u00e3o que realiza trabalho adicional<\/p>\n<p class=\"p2\">Aula 20 &#8211; M\u00e1ximo trabalho adicional<\/p>\n<p class=\"p2\">Aula 21 &#8211; Rea\u00e7\u00f5es que realizam trabalho el\u00e9trico<\/p>\n<p class=\"p2\">Aula 22 &#8211; For\u00e7ando uma rea\u00e7\u00e3o enderg\u00f4nica<\/p>\n<p class=\"p2\">Aula 23 &#8211; Acoplamento de rea\u00e7\u00f5es bioqu\u00edmicas<\/p>\n<p class=\"p2\">Aula 24 &#8211; E as rea\u00e7\u00f5es espont\u00e2neas que n\u00e3o ocorrem?<\/p>\n<p class=\"p2\">Aula 25 &#8211; Encerrando com uma vis\u00e3o geral<\/p>\n<p><b>B\u00f4nus:<\/b><\/p>\n<p class=\"p2\">B\u00f4nus 1 &#8211; <span class=\"s1\">\u0394<\/span>S na queda de um objeto<\/p>\n<p class=\"p2\">B\u00f4nus 2 &#8211; Os refrigeradores e a segunda lei<\/p>\n<p class=\"p2\">B\u00f4nus 3 &#8211; E se um coelho aparecesse do nada?<\/p>\n<p class=\"p2\">B\u00f4nus 4 &#8211; <span class=\"s2\">\u0394<\/span>G \u00e9 propriedade extensiva e <span class=\"s2\">\u0394<\/span>E \u00e9 propriedade intensiva<\/p>\n<p class=\"p2\">B\u00f4nus 5 &#8211; <span class=\"s2\">\u0394<\/span>G e metalurgia<\/p>\n<p class=\"p2\">B\u00f4nus 6 &#8211; Metalurgia em diagramas de <span class=\"s2\">\u0394<\/span>G<\/p>\n<p class=\"p2\">B\u00f4nus 7 &#8211; Os signi<span class=\"s3\">fi<\/span>cados de &#8220;<span class=\"s2\">\u0394<\/span>G&#8221; na literatura<\/p>\n<p><!-- --><br \/>\n<!-- O c\u00f3digo abaixo foi copiado do bot\u00e3o Comprar da mesma p\u00e1gina --><\/p>\n<form class=\"cart\" action=\"https:\/\/projetoentenda.com.br\/site\/produto\/por-que-as-reacoes-quimicas-ocorrem\/\" enctype=\"multipart\/form-data\" method=\"post\">\n<div class=\"quantity\"><label class=\"screen-reader-text\" for=\"quantity_647ddfeaaed20\">Por que as rea\u00e7\u00f5es qu\u00edmicas ocorrem? quantidade<\/label><br \/>\n<input id=\"quantity_647ddfeaaed20\" class=\"input-text qty text\" title=\"Qtd\" autocomplete=\"off\" max=\"1\" min=\"1\" name=\"quantity\" size=\"4\" step=\"1\" type=\"hidden\" value=\"1\" placeholder=\"\" \/><\/div>\n<p><button class=\"single_add_to_cart_button button alt\" name=\"add-to-cart\" type=\"submit\" value=\"1138\">Comprar agora<\/button><\/p>\n<\/form>\n<p>&nbsp;<\/p>\n<hr \/>\n","protected":false},"excerpt":{"rendered":"<p><b>Conforme prometido, novas vagas liberadas!\u00a0<\/b><\/p>\n<p>Docentes s\u00e3o mediadores fundamentais na aquisi\u00e7\u00e3o do conhecimento. Para exercer com excel\u00eancia esse papel de media\u00e7\u00e3o, \u00e9 necess\u00e1rio um conhecimento robusto sobre os temas fundamentais.<\/p>\n<p>Aprimore seus conhecimentos e suas potencialidades, compreendendo em profundidade os conceitos cient\u00edficos que explicam por que as rea\u00e7\u00f5es qu\u00edmicas acontecem.<\/p>\n<p>Este n\u00e3o \u00e9 um curso sobre aspectos pedag\u00f3gicos de como ensinar rea\u00e7\u00f5es qu\u00edmicas no EM ou no EF2. Ele \u00e9 voltado, isto sim, a <b>propiciar uma compreens\u00e3o plena do assunto<\/b> pelos profissionais do ensino e das \u00e1reas cient\u00edficas.<\/p>\n<p><b><i>P\u00fablico a que se destina:<\/i> docentes<\/b> de Qu\u00edmica, Biologia e F\u00edsica do Ensino M\u00e9dio (e do Fund. 2), estudantes <b>universit\u00e1rios<\/b> das \u00e1reas de Exatas e Biol\u00f3gicas e <b>editores<\/b> da \u00e1rea de Ci\u00eancias da Natureza.<\/p>\n<p><b><i>Data e hor\u00e1rio:<\/i> <\/b>Voc\u00ea decide, pois as aulas s\u00e3o <b>gravadas<\/b> e podem ser assistidas (e reassistidas) quando voc\u00ea quiser.<\/p>\n<p><b><i>Dura\u00e7\u00e3o do acesso aos conte\u00fados:<\/i> 2 anos<\/b> a partir da data da compra.<\/p>\n<p>D\u00favidas sobre compra ou acesso? Escreva para <a href=\"mailto:cursos@projetoentenda.com.br\" target=\"_blank\" rel=\"noopener\">cursos@projetoentenda.com.br<\/a>.<\/p>\n<p>(A senha d\u00e1 direito ao acesso de apenas uma pessoa. A compra expressa concord\u00e2ncia com os <a href=\"https:\/\/projetoentenda.com.br\/site\/termos-e-condicoes\/\" target=\"_blank\" rel=\"noopener\">termos e condi\u00e7\u00f5es<\/a>.)<\/p>\n<p><b>ASSISTA A SEGUIR A ALGUNS MOMENTOS DAS AULAS:<\/b><\/p>\n<div style=\"padding: 56.25% 0 0 0; position: relative;\"><iframe style=\"position: absolute; top: 0; left: 0; width: 100%; height: 100%;\" title=\"Alguns momentos\" src=\"https:\/\/player.vimeo.com\/video\/824816247?h=63444f958b&amp;badge=0&amp;autopause=0&amp;player_id=0&amp;app_id=58479\" frameborder=\"0\" allowfullscreen=\"allowfullscreen\"><\/iframe><\/div>\n<p><script src=\"https:\/\/player.vimeo.com\/api\/player.js\"><\/script><\/p>\n<p><b>ASSISTA A SEGUIR \u00c0 AULA 1:<\/b><\/p>\n<div style=\"padding: 56.25% 0 0 0; position: relative;\"><iframe style=\"position: absolute; top: 0; left: 0; width: 100%; height: 100%;\" title=\"Aula 01\" src=\"https:\/\/player.vimeo.com\/video\/809403130?h=63444f958b&amp;badge=0&amp;autopause=0&amp;player_id=0&amp;app_id=58479\" frameborder=\"0\" allowfullscreen=\"allowfullscreen\"><\/iframe><\/div>\n<p><script src=\"https:\/\/player.vimeo.com\/api\/player.js\"><\/script><\/p>\n<p>Se precisar de suporte t\u00e9cnico referente \u00e0 compra ou ao acesso, escreva para <a href=\"mailto:cursos@projetoentenda.com.br\" target=\"_blank\" rel=\"noopener\">cursos@projetoentenda.com.br<\/a>.<\/p>\n<p style=\"color: green;\"><b>APRIMORE SUAS COMPET\u00caNCIAS PROFISSIONAIS<\/b><\/p>\n","protected":false},"featured_media":1144,"template":"","meta":[],"product_cat":[29],"product_tag":[],"yoast_head":"<!-- This site is optimized with the Yoast SEO plugin v20.5 - https:\/\/yoast.com\/wordpress\/plugins\/seo\/ -->\n<title>Por que as rea\u00e7\u00f5es qu\u00edmicas ocorrem? &bull; Projeto Entenda &bull; Professor Canto<\/title>\n<meta name=\"description\" content=\"Domine os conceitos cient\u00edficos que explicam por que as rea\u00e7\u00f5es qu\u00edmicas acontecem. Curso destinado a docentes de Qu\u00edmica, F\u00edsica e Biologia e a estudantes universit\u00e1rios das \u00e1reas de Exatas e Biol\u00f3gicas.\" \/>\n<meta name=\"robots\" content=\"index, follow, max-snippet:-1, max-image-preview:large, max-video-preview:-1\" \/>\n<link rel=\"canonical\" href=\"https:\/\/projetoentenda.com.br\/site\/produto\/por-que-as-reacoes-quimicas-ocorrem\/\" \/>\n<meta property=\"og:locale\" content=\"pt_BR\" \/>\n<meta property=\"og:type\" content=\"article\" \/>\n<meta property=\"og:title\" content=\"Prof Canto \u2022 Curso \u2022 Por que as rea\u00e7\u00f5es qu\u00edmicas ocorrem? \u2022 Projeto Entenda\" \/>\n<meta property=\"og:description\" content=\"Domine os conceitos cient\u00edficos que explicam por que as rea\u00e7\u00f5es qu\u00edmicas acontecem. Curso destinado a docentes de Qu\u00edmica, F\u00edsica e Biologia e a estudantes universit\u00e1rios das \u00e1reas de Exatas e Biol\u00f3gicas.\" \/>\n<meta property=\"og:url\" content=\"https:\/\/projetoentenda.com.br\/site\/produto\/por-que-as-reacoes-quimicas-ocorrem\/\" \/>\n<meta property=\"og:site_name\" content=\"Projeto Entenda\" \/>\n<meta property=\"article:publisher\" content=\"https:\/\/www.facebook.com\/professorcanto\" \/>\n<meta property=\"article:modified_time\" content=\"2026-01-19T20:07:18+00:00\" \/>\n<meta property=\"og:image\" content=\"https:\/\/projetoentenda.com.br\/site\/wp-content\/uploads\/2023\/04\/Curso_14_4x3.png\" \/>\n\t<meta property=\"og:image:width\" content=\"1200\" \/>\n\t<meta property=\"og:image:height\" content=\"900\" \/>\n\t<meta property=\"og:image:type\" content=\"image\/png\" \/>\n<meta name=\"twitter:card\" content=\"summary_large_image\" \/>\n<meta name=\"twitter:title\" content=\"Prof Canto \u2022 Por que as rea\u00e7\u00f5es qu\u00edmicas ocorrem? \u2022 Projeto Entenda\" \/>\n<meta name=\"twitter:description\" content=\"Domine os conceitos cient\u00edficos que explicam por que as rea\u00e7\u00f5es qu\u00edmicas acontecem. Curso destinado a docentes de Qu\u00edmica, F\u00edsica e Biologia e a estudantes universit\u00e1rios das \u00e1reas de Exatas e Biol\u00f3gicas.\" \/>\n<meta name=\"twitter:image\" content=\"https:\/\/projetoentenda.com.br\/site\/wp-content\/uploads\/2023\/04\/Curso_14_4x3_600x450.png\" \/>\n<meta name=\"twitter:label1\" content=\"Est. tempo de leitura\" \/>\n\t<meta name=\"twitter:data1\" content=\"3 minutos\" \/>\n<script type=\"application\/ld+json\" class=\"yoast-schema-graph\">{\"@context\":\"https:\/\/schema.org\",\"@graph\":[{\"@type\":\"WebPage\",\"@id\":\"https:\/\/projetoentenda.com.br\/site\/produto\/por-que-as-reacoes-quimicas-ocorrem\/\",\"url\":\"https:\/\/projetoentenda.com.br\/site\/produto\/por-que-as-reacoes-quimicas-ocorrem\/\",\"name\":\"Por que as rea\u00e7\u00f5es qu\u00edmicas ocorrem? &bull; Projeto Entenda &bull; Professor Canto\",\"isPartOf\":{\"@id\":\"https:\/\/projetoentenda.com.br\/site\/#website\"},\"datePublished\":\"2023-04-21T14:52:53+00:00\",\"dateModified\":\"2026-01-19T20:07:18+00:00\",\"description\":\"Domine os conceitos cient\u00edficos que explicam por que as rea\u00e7\u00f5es qu\u00edmicas acontecem. Curso destinado a docentes de Qu\u00edmica, F\u00edsica e Biologia e a estudantes universit\u00e1rios das \u00e1reas de Exatas e Biol\u00f3gicas.\",\"breadcrumb\":{\"@id\":\"https:\/\/projetoentenda.com.br\/site\/produto\/por-que-as-reacoes-quimicas-ocorrem\/#breadcrumb\"},\"inLanguage\":\"pt-BR\",\"potentialAction\":[{\"@type\":\"ReadAction\",\"target\":[\"https:\/\/projetoentenda.com.br\/site\/produto\/por-que-as-reacoes-quimicas-ocorrem\/\"]}]},{\"@type\":\"BreadcrumbList\",\"@id\":\"https:\/\/projetoentenda.com.br\/site\/produto\/por-que-as-reacoes-quimicas-ocorrem\/#breadcrumb\",\"itemListElement\":[{\"@type\":\"ListItem\",\"position\":1,\"name\":\"In\u00edcio\",\"item\":\"https:\/\/projetoentenda.com.br\/site\/\"},{\"@type\":\"ListItem\",\"position\":2,\"name\":\"Loja\",\"item\":\"https:\/\/projetoentenda.com.br\/site\/loja\/\"},{\"@type\":\"ListItem\",\"position\":3,\"name\":\"Por que as rea\u00e7\u00f5es qu\u00edmicas ocorrem?\"}]},{\"@type\":\"WebSite\",\"@id\":\"https:\/\/projetoentenda.com.br\/site\/#website\",\"url\":\"https:\/\/projetoentenda.com.br\/site\/\",\"name\":\"Projeto Entenda\",\"description\":\"Ensino Digital\",\"publisher\":{\"@id\":\"https:\/\/projetoentenda.com.br\/site\/#organization\"},\"potentialAction\":[{\"@type\":\"SearchAction\",\"target\":{\"@type\":\"EntryPoint\",\"urlTemplate\":\"https:\/\/projetoentenda.com.br\/site\/?s={search_term_string}\"},\"query-input\":\"required name=search_term_string\"}],\"inLanguage\":\"pt-BR\"},{\"@type\":\"Organization\",\"@id\":\"https:\/\/projetoentenda.com.br\/site\/#organization\",\"name\":\"Projeto Entenda\",\"url\":\"https:\/\/projetoentenda.com.br\/site\/\",\"logo\":{\"@type\":\"ImageObject\",\"inLanguage\":\"pt-BR\",\"@id\":\"https:\/\/projetoentenda.com.br\/site\/#\/schema\/logo\/image\/\",\"url\":\"https:\/\/projetoentenda.com.br\/site\/wp-content\/uploads\/2023\/04\/Logo.png\",\"contentUrl\":\"https:\/\/projetoentenda.com.br\/site\/wp-content\/uploads\/2023\/04\/Logo.png\",\"width\":690,\"height\":345,\"caption\":\"Projeto Entenda\"},\"image\":{\"@id\":\"https:\/\/projetoentenda.com.br\/site\/#\/schema\/logo\/image\/\"},\"sameAs\":[\"https:\/\/www.facebook.com\/professorcanto\",\"https:\/\/www.youtube.com\/professorcanto\",\"https:\/\/www.instagram.com\/professorcanto\/\"]}]}<\/script>\n<!-- \/ Yoast SEO plugin. -->","yoast_head_json":{"title":"Por que as rea\u00e7\u00f5es qu\u00edmicas ocorrem? &bull; Projeto Entenda &bull; Professor Canto","description":"Domine os conceitos cient\u00edficos que explicam por que as rea\u00e7\u00f5es qu\u00edmicas acontecem. Curso destinado a docentes de Qu\u00edmica, F\u00edsica e Biologia e a estudantes universit\u00e1rios das \u00e1reas de Exatas e Biol\u00f3gicas.","robots":{"index":"index","follow":"follow","max-snippet":"max-snippet:-1","max-image-preview":"max-image-preview:large","max-video-preview":"max-video-preview:-1"},"canonical":"https:\/\/projetoentenda.com.br\/site\/produto\/por-que-as-reacoes-quimicas-ocorrem\/","og_locale":"pt_BR","og_type":"article","og_title":"Prof Canto \u2022 Curso \u2022 Por que as rea\u00e7\u00f5es qu\u00edmicas ocorrem? \u2022 Projeto Entenda","og_description":"Domine os conceitos cient\u00edficos que explicam por que as rea\u00e7\u00f5es qu\u00edmicas acontecem. Curso destinado a docentes de Qu\u00edmica, F\u00edsica e Biologia e a estudantes universit\u00e1rios das \u00e1reas de Exatas e Biol\u00f3gicas.","og_url":"https:\/\/projetoentenda.com.br\/site\/produto\/por-que-as-reacoes-quimicas-ocorrem\/","og_site_name":"Projeto Entenda","article_publisher":"https:\/\/www.facebook.com\/professorcanto","article_modified_time":"2026-01-19T20:07:18+00:00","og_image":[{"width":1200,"height":900,"url":"https:\/\/projetoentenda.com.br\/site\/wp-content\/uploads\/2023\/04\/Curso_14_4x3.png","type":"image\/png"}],"twitter_card":"summary_large_image","twitter_title":"Prof Canto \u2022 Por que as rea\u00e7\u00f5es qu\u00edmicas ocorrem? \u2022 Projeto Entenda","twitter_description":"Domine os conceitos cient\u00edficos que explicam por que as rea\u00e7\u00f5es qu\u00edmicas acontecem. Curso destinado a docentes de Qu\u00edmica, F\u00edsica e Biologia e a estudantes universit\u00e1rios das \u00e1reas de Exatas e Biol\u00f3gicas.","twitter_image":"https:\/\/projetoentenda.com.br\/site\/wp-content\/uploads\/2023\/04\/Curso_14_4x3_600x450.png","twitter_misc":{"Est. tempo de leitura":"3 minutos"},"schema":{"@context":"https:\/\/schema.org","@graph":[{"@type":"WebPage","@id":"https:\/\/projetoentenda.com.br\/site\/produto\/por-que-as-reacoes-quimicas-ocorrem\/","url":"https:\/\/projetoentenda.com.br\/site\/produto\/por-que-as-reacoes-quimicas-ocorrem\/","name":"Por que as rea\u00e7\u00f5es qu\u00edmicas ocorrem? &bull; Projeto Entenda &bull; Professor Canto","isPartOf":{"@id":"https:\/\/projetoentenda.com.br\/site\/#website"},"datePublished":"2023-04-21T14:52:53+00:00","dateModified":"2026-01-19T20:07:18+00:00","description":"Domine os conceitos cient\u00edficos que explicam por que as rea\u00e7\u00f5es qu\u00edmicas acontecem. Curso destinado a docentes de Qu\u00edmica, F\u00edsica e Biologia e a estudantes universit\u00e1rios das \u00e1reas de Exatas e Biol\u00f3gicas.","breadcrumb":{"@id":"https:\/\/projetoentenda.com.br\/site\/produto\/por-que-as-reacoes-quimicas-ocorrem\/#breadcrumb"},"inLanguage":"pt-BR","potentialAction":[{"@type":"ReadAction","target":["https:\/\/projetoentenda.com.br\/site\/produto\/por-que-as-reacoes-quimicas-ocorrem\/"]}]},{"@type":"BreadcrumbList","@id":"https:\/\/projetoentenda.com.br\/site\/produto\/por-que-as-reacoes-quimicas-ocorrem\/#breadcrumb","itemListElement":[{"@type":"ListItem","position":1,"name":"In\u00edcio","item":"https:\/\/projetoentenda.com.br\/site\/"},{"@type":"ListItem","position":2,"name":"Loja","item":"https:\/\/projetoentenda.com.br\/site\/loja\/"},{"@type":"ListItem","position":3,"name":"Por que as rea\u00e7\u00f5es qu\u00edmicas ocorrem?"}]},{"@type":"WebSite","@id":"https:\/\/projetoentenda.com.br\/site\/#website","url":"https:\/\/projetoentenda.com.br\/site\/","name":"Projeto Entenda","description":"Ensino Digital","publisher":{"@id":"https:\/\/projetoentenda.com.br\/site\/#organization"},"potentialAction":[{"@type":"SearchAction","target":{"@type":"EntryPoint","urlTemplate":"https:\/\/projetoentenda.com.br\/site\/?s={search_term_string}"},"query-input":"required name=search_term_string"}],"inLanguage":"pt-BR"},{"@type":"Organization","@id":"https:\/\/projetoentenda.com.br\/site\/#organization","name":"Projeto Entenda","url":"https:\/\/projetoentenda.com.br\/site\/","logo":{"@type":"ImageObject","inLanguage":"pt-BR","@id":"https:\/\/projetoentenda.com.br\/site\/#\/schema\/logo\/image\/","url":"https:\/\/projetoentenda.com.br\/site\/wp-content\/uploads\/2023\/04\/Logo.png","contentUrl":"https:\/\/projetoentenda.com.br\/site\/wp-content\/uploads\/2023\/04\/Logo.png","width":690,"height":345,"caption":"Projeto Entenda"},"image":{"@id":"https:\/\/projetoentenda.com.br\/site\/#\/schema\/logo\/image\/"},"sameAs":["https:\/\/www.facebook.com\/professorcanto","https:\/\/www.youtube.com\/professorcanto","https:\/\/www.instagram.com\/professorcanto\/"]}]}},"_links":{"self":[{"href":"https:\/\/projetoentenda.com.br\/site\/wp-json\/wp\/v3\/product\/1138"}],"collection":[{"href":"https:\/\/projetoentenda.com.br\/site\/wp-json\/wp\/v3\/product"}],"about":[{"href":"https:\/\/projetoentenda.com.br\/site\/wp-json\/wp\/v2\/types\/product"}],"wp:featuredmedia":[{"embeddable":true,"href":"https:\/\/projetoentenda.com.br\/site\/wp-json\/wp\/v2\/media\/1144"}],"wp:attachment":[{"href":"https:\/\/projetoentenda.com.br\/site\/wp-json\/wp\/v2\/media?parent=1138"}],"wp:term":[{"taxonomy":"product_cat","embeddable":true,"href":"https:\/\/projetoentenda.com.br\/site\/wp-json\/wp\/v2\/product_cat?post=1138"},{"taxonomy":"product_tag","embeddable":true,"href":"https:\/\/projetoentenda.com.br\/site\/wp-json\/wp\/v2\/product_tag?post=1138"}],"curies":[{"name":"wp","href":"https:\/\/api.w.org\/{rel}","templated":true}]}}