{"id":749,"date":"2022-10-26T15:40:11","date_gmt":"2022-10-26T18:40:11","guid":{"rendered":"https:\/\/projetoentenda.com.br\/site\/?page_id=749"},"modified":"2022-11-28T17:22:49","modified_gmt":"2022-11-28T20:22:49","slug":"cursos-da-plataforma","status":"publish","type":"page","link":"https:\/\/projetoentenda.com.br\/site\/","title":{"rendered":"Cursos da plataforma"},"content":{"rendered":"\n<p><\/p>\n\n\n\n<p class=\"has-huge-font-size\">Cursos preparat\u00f3rios para Enem e Vestibular, voltados a estudantes que prestar\u00e3o esses exames<\/p>\n\n\n<div class=\"woocommerce columns-3 \"><ul class=\"products columns-3\">\n<li class=\"product type-product post-946 status-publish first outofstock product_cat-preparacaoparaenemevestibular has-post-thumbnail sale downloadable virtual sold-individually purchasable product-type-simple\">\n\t\n\t<span class=\"onsale\">Oferta!<\/span>\n\t<\/li>\n<li class=\"product type-product post-942 status-publish outofstock product_cat-preparacaoparaenemevestibular has-post-thumbnail sale downloadable virtual sold-individually purchasable product-type-simple\">\n\t\n\t<span class=\"onsale\">Oferta!<\/span>\n\t<\/li>\n<li class=\"product type-product post-949 status-publish last outofstock product_cat-preparacaoparaenemevestibular has-post-thumbnail sale downloadable virtual sold-individually purchasable product-type-simple\">\n\t\n\t<span class=\"onsale\">Oferta!<\/span>\n\t<\/li>\n<li class=\"product type-product post-952 status-publish first outofstock product_cat-preparacaoparaenemevestibular has-post-thumbnail sale downloadable virtual sold-individually purchasable product-type-simple\">\n\t\n\t<span class=\"onsale\">Oferta!<\/span>\n\t<\/li>\n<li class=\"product type-product post-433 status-publish outofstock product_cat-preparacaoparaenemevestibular has-post-thumbnail sale downloadable virtual sold-individually purchasable product-type-simple\">\n\t\n\t<span class=\"onsale\">Oferta!<\/span>\n\t<\/li>\n<\/ul>\n<\/div>\n\n\n\n<p><\/p>\n\n\n\n<p class=\"has-huge-font-size\">Cursos de aprimoramento e forma\u00e7\u00e3o continuada para professores e coordenadores<\/p>\n\n\n<div class=\"woocommerce columns-3 \"><ul class=\"products columns-3\">\n<li class=\"product type-product post-1138 status-publish first instock product_cat-cursos-destinados-a-professores has-post-thumbnail sale downloadable virtual sold-individually purchasable product-type-simple\">\n\t\n\t<span class=\"onsale\">Oferta!<\/span>\n\t<\/li>\n<li class=\"product type-product post-978 status-publish outofstock product_cat-cursos-destinados-a-professores has-post-thumbnail downloadable virtual sold-individually purchasable product-type-simple\">\n\t<\/li>\n<li class=\"product type-product post-981 status-publish last outofstock product_cat-cursos-destinados-a-professores has-post-thumbnail downloadable virtual sold-individually purchasable product-type-simple\">\n\t<\/li>\n<li class=\"product type-product post-984 status-publish first outofstock product_cat-cursos-destinados-a-professores has-post-thumbnail downloadable virtual sold-individually purchasable product-type-simple\">\n\t<\/li>\n<li class=\"product type-product post-972 status-publish outofstock product_cat-cursos-destinados-a-professores has-post-thumbnail downloadable virtual sold-individually purchasable product-type-simple\">\n\t<\/li>\n<li class=\"product type-product post-975 status-publish last outofstock product_cat-cursos-destinados-a-professores has-post-thumbnail downloadable virtual sold-individually purchasable product-type-simple\">\n\t<\/li>\n<\/ul>\n<\/div>\n","protected":false},"excerpt":{"rendered":"<p>Cursos preparat\u00f3rios para Enem e Vestibular, voltados a estudantes que prestar\u00e3o esses exames Cursos de aprimoramento e forma\u00e7\u00e3o continuada para professores e coordenadores<\/p>\n","protected":false},"author":1,"featured_media":0,"parent":0,"menu_order":0,"comment_status":"closed","ping_status":"closed","template":"","meta":[],"yoast_head":"<!-- This site is optimized with the Yoast SEO plugin v20.5 - https:\/\/yoast.com\/wordpress\/plugins\/seo\/ -->\n<title>Cursos da plataforma &bull; Projeto Entenda<\/title>\n<meta name=\"robots\" content=\"index, follow, max-snippet:-1, max-image-preview:large, max-video-preview:-1\" \/>\n<link rel=\"canonical\" href=\"https:\/\/projetoentenda.com.br\/site\/\" \/>\n<meta property=\"og:locale\" content=\"pt_BR\" \/>\n<meta property=\"og:type\" content=\"article\" \/>\n<meta property=\"og:title\" content=\"Cursos da plataforma &bull; Projeto Entenda\" \/>\n<meta property=\"og:description\" content=\"Cursos preparat\u00f3rios para Enem e Vestibular, voltados a estudantes que prestar\u00e3o esses exames Cursos de aprimoramento e forma\u00e7\u00e3o continuada para professores e coordenadores\" \/>\n<meta property=\"og:url\" content=\"https:\/\/projetoentenda.com.br\/site\/\" \/>\n<meta property=\"og:site_name\" content=\"Projeto Entenda\" \/>\n<meta property=\"article:publisher\" content=\"https:\/\/www.facebook.com\/professorcanto\" \/>\n<meta property=\"article:modified_time\" content=\"2022-11-28T20:22:49+00:00\" \/>\n<meta property=\"og:image\" content=\"https:\/\/projetoentenda.com.br\/site\/wp-content\/uploads\/2023\/04\/Logo.png\" \/>\n\t<meta property=\"og:image:width\" content=\"690\" \/>\n\t<meta property=\"og:image:height\" content=\"345\" \/>\n\t<meta property=\"og:image:type\" content=\"image\/png\" \/>\n<meta name=\"twitter:card\" content=\"summary_large_image\" \/>\n<script type=\"application\/ld+json\" class=\"yoast-schema-graph\">{\"@context\":\"https:\/\/schema.org\",\"@graph\":[{\"@type\":\"WebPage\",\"@id\":\"https:\/\/projetoentenda.com.br\/site\/\",\"url\":\"https:\/\/projetoentenda.com.br\/site\/\",\"name\":\"Cursos da plataforma &bull; Projeto Entenda\",\"isPartOf\":{\"@id\":\"https:\/\/projetoentenda.com.br\/site\/#website\"},\"datePublished\":\"2022-10-26T18:40:11+00:00\",\"dateModified\":\"2022-11-28T20:22:49+00:00\",\"breadcrumb\":{\"@id\":\"https:\/\/projetoentenda.com.br\/site\/#breadcrumb\"},\"inLanguage\":\"pt-BR\",\"potentialAction\":[{\"@type\":\"ReadAction\",\"target\":[\"https:\/\/projetoentenda.com.br\/site\/\"]}]},{\"@type\":\"BreadcrumbList\",\"@id\":\"https:\/\/projetoentenda.com.br\/site\/#breadcrumb\",\"itemListElement\":[{\"@type\":\"ListItem\",\"position\":1,\"name\":\"In\u00edcio\",\"item\":\"https:\/\/projetoentenda.com.br\/site\/\"},{\"@type\":\"ListItem\",\"position\":2,\"name\":\"Cursos da plataforma\"}]},{\"@type\":\"WebSite\",\"@id\":\"https:\/\/projetoentenda.com.br\/site\/#website\",\"url\":\"https:\/\/projetoentenda.com.br\/site\/\",\"name\":\"Projeto Entenda\",\"description\":\"Ensino Digital\",\"publisher\":{\"@id\":\"https:\/\/projetoentenda.com.br\/site\/#organization\"},\"potentialAction\":[{\"@type\":\"SearchAction\",\"target\":{\"@type\":\"EntryPoint\",\"urlTemplate\":\"https:\/\/projetoentenda.com.br\/site\/?s={search_term_string}\"},\"query-input\":\"required name=search_term_string\"}],\"inLanguage\":\"pt-BR\"},{\"@type\":\"Organization\",\"@id\":\"https:\/\/projetoentenda.com.br\/site\/#organization\",\"name\":\"Projeto Entenda\",\"url\":\"https:\/\/projetoentenda.com.br\/site\/\",\"logo\":{\"@type\":\"ImageObject\",\"inLanguage\":\"pt-BR\",\"@id\":\"https:\/\/projetoentenda.com.br\/site\/#\/schema\/logo\/image\/\",\"url\":\"https:\/\/projetoentenda.com.br\/site\/wp-content\/uploads\/2023\/04\/Logo.png\",\"contentUrl\":\"https:\/\/projetoentenda.com.br\/site\/wp-content\/uploads\/2023\/04\/Logo.png\",\"width\":690,\"height\":345,\"caption\":\"Projeto Entenda\"},\"image\":{\"@id\":\"https:\/\/projetoentenda.com.br\/site\/#\/schema\/logo\/image\/\"},\"sameAs\":[\"https:\/\/www.facebook.com\/professorcanto\",\"https:\/\/www.youtube.com\/professorcanto\",\"https:\/\/www.instagram.com\/professorcanto\/\"]}]}<\/script>\n<!-- \/ Yoast SEO plugin. -->","yoast_head_json":{"title":"Cursos da plataforma &bull; Projeto Entenda","robots":{"index":"index","follow":"follow","max-snippet":"max-snippet:-1","max-image-preview":"max-image-preview:large","max-video-preview":"max-video-preview:-1"},"canonical":"https:\/\/projetoentenda.com.br\/site\/","og_locale":"pt_BR","og_type":"article","og_title":"Cursos da plataforma &bull; Projeto Entenda","og_description":"Cursos preparat\u00f3rios para Enem e Vestibular, voltados a estudantes que prestar\u00e3o esses exames Cursos de aprimoramento e forma\u00e7\u00e3o continuada para professores e coordenadores","og_url":"https:\/\/projetoentenda.com.br\/site\/","og_site_name":"Projeto Entenda","article_publisher":"https:\/\/www.facebook.com\/professorcanto","article_modified_time":"2022-11-28T20:22:49+00:00","og_image":[{"width":690,"height":345,"url":"https:\/\/projetoentenda.com.br\/site\/wp-content\/uploads\/2023\/04\/Logo.png","type":"image\/png"}],"twitter_card":"summary_large_image","schema":{"@context":"https:\/\/schema.org","@graph":[{"@type":"WebPage","@id":"https:\/\/projetoentenda.com.br\/site\/","url":"https:\/\/projetoentenda.com.br\/site\/","name":"Cursos da plataforma &bull; Projeto Entenda","isPartOf":{"@id":"https:\/\/projetoentenda.com.br\/site\/#website"},"datePublished":"2022-10-26T18:40:11+00:00","dateModified":"2022-11-28T20:22:49+00:00","breadcrumb":{"@id":"https:\/\/projetoentenda.com.br\/site\/#breadcrumb"},"inLanguage":"pt-BR","potentialAction":[{"@type":"ReadAction","target":["https:\/\/projetoentenda.com.br\/site\/"]}]},{"@type":"BreadcrumbList","@id":"https:\/\/projetoentenda.com.br\/site\/#breadcrumb","itemListElement":[{"@type":"ListItem","position":1,"name":"In\u00edcio","item":"https:\/\/projetoentenda.com.br\/site\/"},{"@type":"ListItem","position":2,"name":"Cursos da plataforma"}]},{"@type":"WebSite","@id":"https:\/\/projetoentenda.com.br\/site\/#website","url":"https:\/\/projetoentenda.com.br\/site\/","name":"Projeto Entenda","description":"Ensino Digital","publisher":{"@id":"https:\/\/projetoentenda.com.br\/site\/#organization"},"potentialAction":[{"@type":"SearchAction","target":{"@type":"EntryPoint","urlTemplate":"https:\/\/projetoentenda.com.br\/site\/?s={search_term_string}"},"query-input":"required name=search_term_string"}],"inLanguage":"pt-BR"},{"@type":"Organization","@id":"https:\/\/projetoentenda.com.br\/site\/#organization","name":"Projeto Entenda","url":"https:\/\/projetoentenda.com.br\/site\/","logo":{"@type":"ImageObject","inLanguage":"pt-BR","@id":"https:\/\/projetoentenda.com.br\/site\/#\/schema\/logo\/image\/","url":"https:\/\/projetoentenda.com.br\/site\/wp-content\/uploads\/2023\/04\/Logo.png","contentUrl":"https:\/\/projetoentenda.com.br\/site\/wp-content\/uploads\/2023\/04\/Logo.png","width":690,"height":345,"caption":"Projeto Entenda"},"image":{"@id":"https:\/\/projetoentenda.com.br\/site\/#\/schema\/logo\/image\/"},"sameAs":["https:\/\/www.facebook.com\/professorcanto","https:\/\/www.youtube.com\/professorcanto","https:\/\/www.instagram.com\/professorcanto\/"]}]}},"_links":{"self":[{"href":"https:\/\/projetoentenda.com.br\/site\/wp-json\/wp\/v2\/pages\/749"}],"collection":[{"href":"https:\/\/projetoentenda.com.br\/site\/wp-json\/wp\/v2\/pages"}],"about":[{"href":"https:\/\/projetoentenda.com.br\/site\/wp-json\/wp\/v2\/types\/page"}],"author":[{"embeddable":true,"href":"https:\/\/projetoentenda.com.br\/site\/wp-json\/wp\/v2\/users\/1"}],"replies":[{"embeddable":true,"href":"https:\/\/projetoentenda.com.br\/site\/wp-json\/wp\/v2\/comments?post=749"}],"version-history":[{"count":78,"href":"https:\/\/projetoentenda.com.br\/site\/wp-json\/wp\/v2\/pages\/749\/revisions"}],"predecessor-version":[{"id":1022,"href":"https:\/\/projetoentenda.com.br\/site\/wp-json\/wp\/v2\/pages\/749\/revisions\/1022"}],"wp:attachment":[{"href":"https:\/\/projetoentenda.com.br\/site\/wp-json\/wp\/v2\/media?parent=749"}],"curies":[{"name":"wp","href":"https:\/\/api.w.org\/{rel}","templated":true}]}}