{"id":562,"date":"2022-10-19T14:05:59","date_gmt":"2022-10-19T17:05:59","guid":{"rendered":"https:\/\/projetoentenda.com.br\/site\/?page_id=562"},"modified":"2022-10-26T11:51:20","modified_gmt":"2022-10-26T14:51:20","slug":"meus-cursos","status":"publish","type":"page","link":"https:\/\/projetoentenda.com.br\/site\/meus-cursos\/","title":{"rendered":"Meus cursos"},"content":{"rendered":"<div class=\"edwiser-bridge\"><div class=\"eb-my-courses-wrapper\">\t\t\t<p>\r\n\t\t\t\tVoc\u00ea n\u00e3o est\u00e1 logado. <a href='https:\/\/projetoentenda.com.br\/site\/conta-do-usuario\/'>Clique aqui<\/a> Entrar. \t\t\t<\/p>\r\n\t\t\t<\/div><\/div>\n","protected":false},"excerpt":{"rendered":"","protected":false},"author":1,"featured_media":0,"parent":0,"menu_order":0,"comment_status":"closed","ping_status":"closed","template":"","meta":[],"yoast_head":"<!-- This site is optimized with the Yoast SEO plugin v20.5 - https:\/\/yoast.com\/wordpress\/plugins\/seo\/ -->\n<title>Meus cursos &bull; Projeto Entenda<\/title>\n<meta name=\"robots\" content=\"index, follow, max-snippet:-1, max-image-preview:large, max-video-preview:-1\" \/>\n<link rel=\"canonical\" href=\"https:\/\/projetoentenda.com.br\/site\/meus-cursos\/\" \/>\n<meta property=\"og:locale\" content=\"pt_BR\" \/>\n<meta property=\"og:type\" content=\"article\" \/>\n<meta property=\"og:title\" content=\"Meus cursos &bull; Projeto Entenda\" \/>\n<meta property=\"og:url\" content=\"https:\/\/projetoentenda.com.br\/site\/meus-cursos\/\" \/>\n<meta property=\"og:site_name\" content=\"Projeto Entenda\" \/>\n<meta property=\"article:publisher\" content=\"https:\/\/www.facebook.com\/professorcanto\" \/>\n<meta property=\"article:modified_time\" content=\"2022-10-26T14:51:20+00:00\" \/>\n<meta property=\"og:image\" content=\"https:\/\/projetoentenda.com.br\/site\/wp-content\/uploads\/2023\/04\/Logo.png\" \/>\n\t<meta property=\"og:image:width\" content=\"690\" \/>\n\t<meta property=\"og:image:height\" content=\"345\" \/>\n\t<meta property=\"og:image:type\" content=\"image\/png\" \/>\n<meta name=\"twitter:card\" content=\"summary_large_image\" \/>\n<script type=\"application\/ld+json\" class=\"yoast-schema-graph\">{\"@context\":\"https:\/\/schema.org\",\"@graph\":[{\"@type\":\"WebPage\",\"@id\":\"https:\/\/projetoentenda.com.br\/site\/meus-cursos\/\",\"url\":\"https:\/\/projetoentenda.com.br\/site\/meus-cursos\/\",\"name\":\"Meus cursos &bull; Projeto Entenda\",\"isPartOf\":{\"@id\":\"https:\/\/projetoentenda.com.br\/site\/#website\"},\"datePublished\":\"2022-10-19T17:05:59+00:00\",\"dateModified\":\"2022-10-26T14:51:20+00:00\",\"breadcrumb\":{\"@id\":\"https:\/\/projetoentenda.com.br\/site\/meus-cursos\/#breadcrumb\"},\"inLanguage\":\"pt-BR\",\"potentialAction\":[{\"@type\":\"ReadAction\",\"target\":[\"https:\/\/projetoentenda.com.br\/site\/meus-cursos\/\"]}]},{\"@type\":\"BreadcrumbList\",\"@id\":\"https:\/\/projetoentenda.com.br\/site\/meus-cursos\/#breadcrumb\",\"itemListElement\":[{\"@type\":\"ListItem\",\"position\":1,\"name\":\"In\u00edcio\",\"item\":\"https:\/\/projetoentenda.com.br\/site\/\"},{\"@type\":\"ListItem\",\"position\":2,\"name\":\"Meus cursos\"}]},{\"@type\":\"WebSite\",\"@id\":\"https:\/\/projetoentenda.com.br\/site\/#website\",\"url\":\"https:\/\/projetoentenda.com.br\/site\/\",\"name\":\"Projeto Entenda\",\"description\":\"Ensino Digital\",\"publisher\":{\"@id\":\"https:\/\/projetoentenda.com.br\/site\/#organization\"},\"potentialAction\":[{\"@type\":\"SearchAction\",\"target\":{\"@type\":\"EntryPoint\",\"urlTemplate\":\"https:\/\/projetoentenda.com.br\/site\/?s={search_term_string}\"},\"query-input\":\"required name=search_term_string\"}],\"inLanguage\":\"pt-BR\"},{\"@type\":\"Organization\",\"@id\":\"https:\/\/projetoentenda.com.br\/site\/#organization\",\"name\":\"Projeto Entenda\",\"url\":\"https:\/\/projetoentenda.com.br\/site\/\",\"logo\":{\"@type\":\"ImageObject\",\"inLanguage\":\"pt-BR\",\"@id\":\"https:\/\/projetoentenda.com.br\/site\/#\/schema\/logo\/image\/\",\"url\":\"https:\/\/projetoentenda.com.br\/site\/wp-content\/uploads\/2023\/04\/Logo.png\",\"contentUrl\":\"https:\/\/projetoentenda.com.br\/site\/wp-content\/uploads\/2023\/04\/Logo.png\",\"width\":690,\"height\":345,\"caption\":\"Projeto Entenda\"},\"image\":{\"@id\":\"https:\/\/projetoentenda.com.br\/site\/#\/schema\/logo\/image\/\"},\"sameAs\":[\"https:\/\/www.facebook.com\/professorcanto\",\"https:\/\/www.youtube.com\/professorcanto\",\"https:\/\/www.instagram.com\/professorcanto\/\"]}]}<\/script>\n<!-- \/ Yoast SEO plugin. -->","yoast_head_json":{"title":"Meus cursos &bull; Projeto Entenda","robots":{"index":"index","follow":"follow","max-snippet":"max-snippet:-1","max-image-preview":"max-image-preview:large","max-video-preview":"max-video-preview:-1"},"canonical":"https:\/\/projetoentenda.com.br\/site\/meus-cursos\/","og_locale":"pt_BR","og_type":"article","og_title":"Meus cursos &bull; Projeto Entenda","og_url":"https:\/\/projetoentenda.com.br\/site\/meus-cursos\/","og_site_name":"Projeto Entenda","article_publisher":"https:\/\/www.facebook.com\/professorcanto","article_modified_time":"2022-10-26T14:51:20+00:00","og_image":[{"width":690,"height":345,"url":"https:\/\/projetoentenda.com.br\/site\/wp-content\/uploads\/2023\/04\/Logo.png","type":"image\/png"}],"twitter_card":"summary_large_image","schema":{"@context":"https:\/\/schema.org","@graph":[{"@type":"WebPage","@id":"https:\/\/projetoentenda.com.br\/site\/meus-cursos\/","url":"https:\/\/projetoentenda.com.br\/site\/meus-cursos\/","name":"Meus cursos &bull; Projeto Entenda","isPartOf":{"@id":"https:\/\/projetoentenda.com.br\/site\/#website"},"datePublished":"2022-10-19T17:05:59+00:00","dateModified":"2022-10-26T14:51:20+00:00","breadcrumb":{"@id":"https:\/\/projetoentenda.com.br\/site\/meus-cursos\/#breadcrumb"},"inLanguage":"pt-BR","potentialAction":[{"@type":"ReadAction","target":["https:\/\/projetoentenda.com.br\/site\/meus-cursos\/"]}]},{"@type":"BreadcrumbList","@id":"https:\/\/projetoentenda.com.br\/site\/meus-cursos\/#breadcrumb","itemListElement":[{"@type":"ListItem","position":1,"name":"In\u00edcio","item":"https:\/\/projetoentenda.com.br\/site\/"},{"@type":"ListItem","position":2,"name":"Meus cursos"}]},{"@type":"WebSite","@id":"https:\/\/projetoentenda.com.br\/site\/#website","url":"https:\/\/projetoentenda.com.br\/site\/","name":"Projeto Entenda","description":"Ensino Digital","publisher":{"@id":"https:\/\/projetoentenda.com.br\/site\/#organization"},"potentialAction":[{"@type":"SearchAction","target":{"@type":"EntryPoint","urlTemplate":"https:\/\/projetoentenda.com.br\/site\/?s={search_term_string}"},"query-input":"required name=search_term_string"}],"inLanguage":"pt-BR"},{"@type":"Organization","@id":"https:\/\/projetoentenda.com.br\/site\/#organization","name":"Projeto Entenda","url":"https:\/\/projetoentenda.com.br\/site\/","logo":{"@type":"ImageObject","inLanguage":"pt-BR","@id":"https:\/\/projetoentenda.com.br\/site\/#\/schema\/logo\/image\/","url":"https:\/\/projetoentenda.com.br\/site\/wp-content\/uploads\/2023\/04\/Logo.png","contentUrl":"https:\/\/projetoentenda.com.br\/site\/wp-content\/uploads\/2023\/04\/Logo.png","width":690,"height":345,"caption":"Projeto Entenda"},"image":{"@id":"https:\/\/projetoentenda.com.br\/site\/#\/schema\/logo\/image\/"},"sameAs":["https:\/\/www.facebook.com\/professorcanto","https:\/\/www.youtube.com\/professorcanto","https:\/\/www.instagram.com\/professorcanto\/"]}]}},"_links":{"self":[{"href":"https:\/\/projetoentenda.com.br\/site\/wp-json\/wp\/v2\/pages\/562"}],"collection":[{"href":"https:\/\/projetoentenda.com.br\/site\/wp-json\/wp\/v2\/pages"}],"about":[{"href":"https:\/\/projetoentenda.com.br\/site\/wp-json\/wp\/v2\/types\/page"}],"author":[{"embeddable":true,"href":"https:\/\/projetoentenda.com.br\/site\/wp-json\/wp\/v2\/users\/1"}],"replies":[{"embeddable":true,"href":"https:\/\/projetoentenda.com.br\/site\/wp-json\/wp\/v2\/comments?post=562"}],"version-history":[{"count":2,"href":"https:\/\/projetoentenda.com.br\/site\/wp-json\/wp\/v2\/pages\/562\/revisions"}],"predecessor-version":[{"id":737,"href":"https:\/\/projetoentenda.com.br\/site\/wp-json\/wp\/v2\/pages\/562\/revisions\/737"}],"wp:attachment":[{"href":"https:\/\/projetoentenda.com.br\/site\/wp-json\/wp\/v2\/media?parent=562"}],"curies":[{"name":"wp","href":"https:\/\/api.w.org\/{rel}","templated":true}]}}